{"id":483,"date":"2021-11-07T21:18:19","date_gmt":"2021-11-07T21:18:19","guid":{"rendered":"https:\/\/www.exterminio.pt\/grupo-exterminio\/"},"modified":"2021-11-07T21:18:19","modified_gmt":"2021-11-07T21:18:19","slug":"grupo-exterminio","status":"publish","type":"page","link":"https:\/\/www.exterminio.pt\/en\/grupo-exterminio\/","title":{"rendered":"Grupo Exterm\u00ednio"},"content":{"rendered":"<p>[vc_row full_width=&#8221;stretch_row&#8221; full_height=&#8221;yes&#8221;][vc_column width=&#8221;1\/4&#8243;][masterslider_pb alias=&#8221;ms-1&#8243;][\/vc_column][vc_column width=&#8221;3\/4&#8243;][\/vc_column][\/vc_row]<\/p>\n","protected":false},"excerpt":{"rendered":"<p>[vc_row full_width=&#8221;stretch_row&#8221; full_height=&#8221;yes&#8221;][vc_column width=&#8221;1\/4&#8243;][masterslider_pb alias=&#8221;ms-1&#8243;][\/vc_column][vc_column width=&#8221;3\/4&#8243;][\/vc_column][\/vc_row]<\/p>\n","protected":false},"author":1,"featured_media":0,"parent":0,"menu_order":0,"comment_status":"closed","ping_status":"closed","template":"","meta":{"footnotes":""},"class_list":["post-483","page","type-page","status-publish","hentry"],"yoast_head":"<!-- This site is optimized with the Yoast SEO plugin v27.3 - https:\/\/yoast.com\/product\/yoast-seo-wordpress\/ -->\n<title>Grupo Exterm\u00ednio - Grupo Exterm\u00ednio - Controlo de Pragas na Regi\u00e3o Aut\u00f3noma da Madeira<\/title>\n<meta name=\"robots\" content=\"index, follow, max-snippet:-1, max-image-preview:large, max-video-preview:-1\" \/>\n<link rel=\"canonical\" href=\"https:\/\/www.exterminio.pt\/en\/grupo-exterminio\/\" \/>\n<meta property=\"og:locale\" content=\"en_US\" \/>\n<meta property=\"og:type\" content=\"article\" \/>\n<meta property=\"og:title\" content=\"Grupo Exterm\u00ednio - Grupo Exterm\u00ednio - Controlo de Pragas na Regi\u00e3o Aut\u00f3noma da Madeira\" \/>\n<meta property=\"og:description\" content=\"[vc_row full_width=&#8221;stretch_row&#8221; full_height=&#8221;yes&#8221;][vc_column width=&#8221;1\/4&#8243;][masterslider_pb alias=&#8221;ms-1&#8243;][\/vc_column][vc_column width=&#8221;3\/4&#8243;][\/vc_column][\/vc_row]\" \/>\n<meta property=\"og:url\" content=\"https:\/\/www.exterminio.pt\/en\/grupo-exterminio\/\" \/>\n<meta property=\"og:site_name\" content=\"Grupo Exterm\u00ednio - Controlo de Pragas na Regi\u00e3o Aut\u00f3noma da Madeira\" \/>\n<meta property=\"article:publisher\" content=\"https:\/\/www.facebook.com\/exterminio.pt\/\" \/>\n<meta property=\"og:image\" content=\"https:\/\/www.exterminio.pt\/wp-content\/uploads\/2022\/04\/slider-2.webp\" \/>\n\t<meta property=\"og:image:width\" content=\"1200\" \/>\n\t<meta property=\"og:image:height\" content=\"742\" \/>\n\t<meta property=\"og:image:type\" content=\"image\/webp\" \/>\n<meta name=\"twitter:card\" content=\"summary_large_image\" \/>\n<script type=\"application\/ld+json\" class=\"yoast-schema-graph\">{\"@context\":\"https:\\\/\\\/schema.org\",\"@graph\":[{\"@type\":\"WebPage\",\"@id\":\"https:\\\/\\\/www.exterminio.pt\\\/en\\\/grupo-exterminio\\\/\",\"url\":\"https:\\\/\\\/www.exterminio.pt\\\/en\\\/grupo-exterminio\\\/\",\"name\":\"Grupo Exterm\u00ednio - Grupo Exterm\u00ednio - Controlo de Pragas na Regi\u00e3o Aut\u00f3noma da Madeira\",\"isPartOf\":{\"@id\":\"https:\\\/\\\/www.exterminio.pt\\\/en\\\/#website\"},\"datePublished\":\"2021-11-07T21:18:19+00:00\",\"breadcrumb\":{\"@id\":\"https:\\\/\\\/www.exterminio.pt\\\/en\\\/grupo-exterminio\\\/#breadcrumb\"},\"inLanguage\":\"en-US\",\"potentialAction\":[{\"@type\":\"ReadAction\",\"target\":[\"https:\\\/\\\/www.exterminio.pt\\\/en\\\/grupo-exterminio\\\/\"]}]},{\"@type\":\"BreadcrumbList\",\"@id\":\"https:\\\/\\\/www.exterminio.pt\\\/en\\\/grupo-exterminio\\\/#breadcrumb\",\"itemListElement\":[{\"@type\":\"ListItem\",\"position\":1,\"name\":\"In\u00edcio\",\"item\":\"https:\\\/\\\/www.exterminio.pt\\\/en\\\/\"},{\"@type\":\"ListItem\",\"position\":2,\"name\":\"Grupo Exterm\u00ednio\"}]},{\"@type\":\"WebSite\",\"@id\":\"https:\\\/\\\/www.exterminio.pt\\\/en\\\/#website\",\"url\":\"https:\\\/\\\/www.exterminio.pt\\\/en\\\/\",\"name\":\"Grupo Exterm\u00ednio - Controlo de Pragas na Madeira e Porto Santo\",\"description\":\"Grupo Exterm\u00ednio - Empresa l\u00edder no controlo de pragas na Madeira e Porto Santo.\",\"publisher\":{\"@id\":\"https:\\\/\\\/www.exterminio.pt\\\/en\\\/#organization\"},\"potentialAction\":[{\"@type\":\"SearchAction\",\"target\":{\"@type\":\"EntryPoint\",\"urlTemplate\":\"https:\\\/\\\/www.exterminio.pt\\\/en\\\/?s={search_term_string}\"},\"query-input\":{\"@type\":\"PropertyValueSpecification\",\"valueRequired\":true,\"valueName\":\"search_term_string\"}}],\"inLanguage\":\"en-US\"},{\"@type\":\"Organization\",\"@id\":\"https:\\\/\\\/www.exterminio.pt\\\/en\\\/#organization\",\"name\":\"Grupo Exterm\u00ednio - Controlo de Pragas na Madeira e Porto Santo\",\"url\":\"https:\\\/\\\/www.exterminio.pt\\\/en\\\/\",\"logo\":{\"@type\":\"ImageObject\",\"inLanguage\":\"en-US\",\"@id\":\"https:\\\/\\\/www.exterminio.pt\\\/en\\\/#\\\/schema\\\/logo\\\/image\\\/\",\"url\":\"https:\\\/\\\/www.exterminio.pt\\\/wp-content\\\/uploads\\\/2023\\\/01\\\/grupoexterminio-logo-01-1.svg\",\"contentUrl\":\"https:\\\/\\\/www.exterminio.pt\\\/wp-content\\\/uploads\\\/2023\\\/01\\\/grupoexterminio-logo-01-1.svg\",\"caption\":\"Grupo Exterm\u00ednio - Controlo de Pragas na Madeira e Porto Santo\"},\"image\":{\"@id\":\"https:\\\/\\\/www.exterminio.pt\\\/en\\\/#\\\/schema\\\/logo\\\/image\\\/\"},\"sameAs\":[\"https:\\\/\\\/www.facebook.com\\\/exterminio.pt\\\/\"]}]}<\/script>\n<!-- \/ Yoast SEO plugin. -->","yoast_head_json":{"title":"Grupo Exterm\u00ednio - Grupo Exterm\u00ednio - Controlo de Pragas na Regi\u00e3o Aut\u00f3noma da Madeira","robots":{"index":"index","follow":"follow","max-snippet":"max-snippet:-1","max-image-preview":"max-image-preview:large","max-video-preview":"max-video-preview:-1"},"canonical":"https:\/\/www.exterminio.pt\/en\/grupo-exterminio\/","og_locale":"en_US","og_type":"article","og_title":"Grupo Exterm\u00ednio - Grupo Exterm\u00ednio - Controlo de Pragas na Regi\u00e3o Aut\u00f3noma da Madeira","og_description":"[vc_row full_width=&#8221;stretch_row&#8221; full_height=&#8221;yes&#8221;][vc_column width=&#8221;1\/4&#8243;][masterslider_pb alias=&#8221;ms-1&#8243;][\/vc_column][vc_column width=&#8221;3\/4&#8243;][\/vc_column][\/vc_row]","og_url":"https:\/\/www.exterminio.pt\/en\/grupo-exterminio\/","og_site_name":"Grupo Exterm\u00ednio - Controlo de Pragas na Regi\u00e3o Aut\u00f3noma da Madeira","article_publisher":"https:\/\/www.facebook.com\/exterminio.pt\/","og_image":[{"width":1200,"height":742,"url":"https:\/\/www.exterminio.pt\/wp-content\/uploads\/2022\/04\/slider-2.webp","type":"image\/webp"}],"twitter_card":"summary_large_image","schema":{"@context":"https:\/\/schema.org","@graph":[{"@type":"WebPage","@id":"https:\/\/www.exterminio.pt\/en\/grupo-exterminio\/","url":"https:\/\/www.exterminio.pt\/en\/grupo-exterminio\/","name":"Grupo Exterm\u00ednio - Grupo Exterm\u00ednio - Controlo de Pragas na Regi\u00e3o Aut\u00f3noma da Madeira","isPartOf":{"@id":"https:\/\/www.exterminio.pt\/en\/#website"},"datePublished":"2021-11-07T21:18:19+00:00","breadcrumb":{"@id":"https:\/\/www.exterminio.pt\/en\/grupo-exterminio\/#breadcrumb"},"inLanguage":"en-US","potentialAction":[{"@type":"ReadAction","target":["https:\/\/www.exterminio.pt\/en\/grupo-exterminio\/"]}]},{"@type":"BreadcrumbList","@id":"https:\/\/www.exterminio.pt\/en\/grupo-exterminio\/#breadcrumb","itemListElement":[{"@type":"ListItem","position":1,"name":"In\u00edcio","item":"https:\/\/www.exterminio.pt\/en\/"},{"@type":"ListItem","position":2,"name":"Grupo Exterm\u00ednio"}]},{"@type":"WebSite","@id":"https:\/\/www.exterminio.pt\/en\/#website","url":"https:\/\/www.exterminio.pt\/en\/","name":"Grupo Exterm\u00ednio - Controlo de Pragas na Madeira e Porto Santo","description":"Grupo Exterm\u00ednio - Empresa l\u00edder no controlo de pragas na Madeira e Porto Santo.","publisher":{"@id":"https:\/\/www.exterminio.pt\/en\/#organization"},"potentialAction":[{"@type":"SearchAction","target":{"@type":"EntryPoint","urlTemplate":"https:\/\/www.exterminio.pt\/en\/?s={search_term_string}"},"query-input":{"@type":"PropertyValueSpecification","valueRequired":true,"valueName":"search_term_string"}}],"inLanguage":"en-US"},{"@type":"Organization","@id":"https:\/\/www.exterminio.pt\/en\/#organization","name":"Grupo Exterm\u00ednio - Controlo de Pragas na Madeira e Porto Santo","url":"https:\/\/www.exterminio.pt\/en\/","logo":{"@type":"ImageObject","inLanguage":"en-US","@id":"https:\/\/www.exterminio.pt\/en\/#\/schema\/logo\/image\/","url":"https:\/\/www.exterminio.pt\/wp-content\/uploads\/2023\/01\/grupoexterminio-logo-01-1.svg","contentUrl":"https:\/\/www.exterminio.pt\/wp-content\/uploads\/2023\/01\/grupoexterminio-logo-01-1.svg","caption":"Grupo Exterm\u00ednio - Controlo de Pragas na Madeira e Porto Santo"},"image":{"@id":"https:\/\/www.exterminio.pt\/en\/#\/schema\/logo\/image\/"},"sameAs":["https:\/\/www.facebook.com\/exterminio.pt\/"]}]}},"_links":{"self":[{"href":"https:\/\/www.exterminio.pt\/en\/wp-json\/wp\/v2\/pages\/483","targetHints":{"allow":["GET"]}}],"collection":[{"href":"https:\/\/www.exterminio.pt\/en\/wp-json\/wp\/v2\/pages"}],"about":[{"href":"https:\/\/www.exterminio.pt\/en\/wp-json\/wp\/v2\/types\/page"}],"author":[{"embeddable":true,"href":"https:\/\/www.exterminio.pt\/en\/wp-json\/wp\/v2\/users\/1"}],"replies":[{"embeddable":true,"href":"https:\/\/www.exterminio.pt\/en\/wp-json\/wp\/v2\/comments?post=483"}],"version-history":[{"count":0,"href":"https:\/\/www.exterminio.pt\/en\/wp-json\/wp\/v2\/pages\/483\/revisions"}],"wp:attachment":[{"href":"https:\/\/www.exterminio.pt\/en\/wp-json\/wp\/v2\/media?parent=483"}],"curies":[{"name":"wp","href":"https:\/\/api.w.org\/{rel}","templated":true}]}}