{"id":484,"date":"2022-04-11T12:27:52","date_gmt":"2022-04-11T12:27:52","guid":{"rendered":"https:\/\/www.exterminio.pt\/tips\/"},"modified":"2023-02-22T18:32:29","modified_gmt":"2023-02-22T18:32:29","slug":"tips","status":"publish","type":"page","link":"https:\/\/www.exterminio.pt\/en\/tips\/","title":{"rendered":"Tips"},"content":{"rendered":"","protected":false},"excerpt":{"rendered":"","protected":false},"author":1,"featured_media":0,"parent":0,"menu_order":0,"comment_status":"open","ping_status":"closed","template":"","meta":{"footnotes":""},"class_list":["post-484","page","type-page","status-publish","hentry"],"yoast_head":"<!-- This site is optimized with the Yoast SEO plugin v27.3 - https:\/\/yoast.com\/product\/yoast-seo-wordpress\/ -->\n<title>Tips - Grupo Exterm\u00ednio - Controlo de Pragas na Regi\u00e3o Aut\u00f3noma da Madeira<\/title>\n<meta name=\"robots\" content=\"index, follow, max-snippet:-1, max-image-preview:large, max-video-preview:-1\" \/>\n<link rel=\"canonical\" href=\"https:\/\/www.exterminio.pt\/en\/tips\/\" \/>\n<meta property=\"og:locale\" content=\"en_US\" \/>\n<meta property=\"og:type\" content=\"article\" \/>\n<meta property=\"og:title\" content=\"Tips - Grupo Exterm\u00ednio - Controlo de Pragas na Regi\u00e3o Aut\u00f3noma da Madeira\" \/>\n<meta property=\"og:url\" content=\"https:\/\/www.exterminio.pt\/en\/tips\/\" \/>\n<meta property=\"og:site_name\" content=\"Grupo Exterm\u00ednio - Controlo de Pragas na Regi\u00e3o Aut\u00f3noma da Madeira\" \/>\n<meta property=\"article:publisher\" content=\"https:\/\/www.facebook.com\/exterminio.pt\/\" \/>\n<meta property=\"article:modified_time\" content=\"2023-02-22T18:32:29+00:00\" \/>\n<meta property=\"og:image\" content=\"https:\/\/www.exterminio.pt\/wp-content\/uploads\/2022\/04\/slider-2.webp\" \/>\n\t<meta property=\"og:image:width\" content=\"1200\" \/>\n\t<meta property=\"og:image:height\" content=\"742\" \/>\n\t<meta property=\"og:image:type\" content=\"image\/webp\" \/>\n<meta name=\"twitter:card\" content=\"summary_large_image\" \/>\n<script type=\"application\/ld+json\" class=\"yoast-schema-graph\">{\"@context\":\"https:\\\/\\\/schema.org\",\"@graph\":[{\"@type\":\"WebPage\",\"@id\":\"https:\\\/\\\/www.exterminio.pt\\\/en\\\/tips\\\/\",\"url\":\"https:\\\/\\\/www.exterminio.pt\\\/en\\\/tips\\\/\",\"name\":\"Tips - Grupo Exterm\u00ednio - Controlo de Pragas na Regi\u00e3o Aut\u00f3noma da Madeira\",\"isPartOf\":{\"@id\":\"https:\\\/\\\/www.exterminio.pt\\\/en\\\/#website\"},\"datePublished\":\"2022-04-11T12:27:52+00:00\",\"dateModified\":\"2023-02-22T18:32:29+00:00\",\"breadcrumb\":{\"@id\":\"https:\\\/\\\/www.exterminio.pt\\\/en\\\/tips\\\/#breadcrumb\"},\"inLanguage\":\"en-US\",\"potentialAction\":[{\"@type\":\"ReadAction\",\"target\":[\"https:\\\/\\\/www.exterminio.pt\\\/en\\\/tips\\\/\"]}]},{\"@type\":\"BreadcrumbList\",\"@id\":\"https:\\\/\\\/www.exterminio.pt\\\/en\\\/tips\\\/#breadcrumb\",\"itemListElement\":[{\"@type\":\"ListItem\",\"position\":1,\"name\":\"In\u00edcio\",\"item\":\"https:\\\/\\\/www.exterminio.pt\\\/en\\\/\"},{\"@type\":\"ListItem\",\"position\":2,\"name\":\"Tips\"}]},{\"@type\":\"WebSite\",\"@id\":\"https:\\\/\\\/www.exterminio.pt\\\/en\\\/#website\",\"url\":\"https:\\\/\\\/www.exterminio.pt\\\/en\\\/\",\"name\":\"Grupo Exterm\u00ednio - Controlo de Pragas na Madeira e Porto Santo\",\"description\":\"Grupo Exterm\u00ednio - Empresa l\u00edder no controlo de pragas na Madeira e Porto Santo.\",\"publisher\":{\"@id\":\"https:\\\/\\\/www.exterminio.pt\\\/en\\\/#organization\"},\"potentialAction\":[{\"@type\":\"SearchAction\",\"target\":{\"@type\":\"EntryPoint\",\"urlTemplate\":\"https:\\\/\\\/www.exterminio.pt\\\/en\\\/?s={search_term_string}\"},\"query-input\":{\"@type\":\"PropertyValueSpecification\",\"valueRequired\":true,\"valueName\":\"search_term_string\"}}],\"inLanguage\":\"en-US\"},{\"@type\":\"Organization\",\"@id\":\"https:\\\/\\\/www.exterminio.pt\\\/en\\\/#organization\",\"name\":\"Grupo Exterm\u00ednio - Controlo de Pragas na Madeira e Porto Santo\",\"url\":\"https:\\\/\\\/www.exterminio.pt\\\/en\\\/\",\"logo\":{\"@type\":\"ImageObject\",\"inLanguage\":\"en-US\",\"@id\":\"https:\\\/\\\/www.exterminio.pt\\\/en\\\/#\\\/schema\\\/logo\\\/image\\\/\",\"url\":\"https:\\\/\\\/www.exterminio.pt\\\/wp-content\\\/uploads\\\/2023\\\/01\\\/grupoexterminio-logo-01-1.svg\",\"contentUrl\":\"https:\\\/\\\/www.exterminio.pt\\\/wp-content\\\/uploads\\\/2023\\\/01\\\/grupoexterminio-logo-01-1.svg\",\"caption\":\"Grupo Exterm\u00ednio - Controlo de Pragas na Madeira e Porto Santo\"},\"image\":{\"@id\":\"https:\\\/\\\/www.exterminio.pt\\\/en\\\/#\\\/schema\\\/logo\\\/image\\\/\"},\"sameAs\":[\"https:\\\/\\\/www.facebook.com\\\/exterminio.pt\\\/\"]}]}<\/script>\n<!-- \/ Yoast SEO plugin. -->","yoast_head_json":{"title":"Tips - Grupo Exterm\u00ednio - Controlo de Pragas na Regi\u00e3o Aut\u00f3noma da Madeira","robots":{"index":"index","follow":"follow","max-snippet":"max-snippet:-1","max-image-preview":"max-image-preview:large","max-video-preview":"max-video-preview:-1"},"canonical":"https:\/\/www.exterminio.pt\/en\/tips\/","og_locale":"en_US","og_type":"article","og_title":"Tips - Grupo Exterm\u00ednio - Controlo de Pragas na Regi\u00e3o Aut\u00f3noma da Madeira","og_url":"https:\/\/www.exterminio.pt\/en\/tips\/","og_site_name":"Grupo Exterm\u00ednio - Controlo de Pragas na Regi\u00e3o Aut\u00f3noma da Madeira","article_publisher":"https:\/\/www.facebook.com\/exterminio.pt\/","article_modified_time":"2023-02-22T18:32:29+00:00","og_image":[{"width":1200,"height":742,"url":"https:\/\/www.exterminio.pt\/wp-content\/uploads\/2022\/04\/slider-2.webp","type":"image\/webp"}],"twitter_card":"summary_large_image","schema":{"@context":"https:\/\/schema.org","@graph":[{"@type":"WebPage","@id":"https:\/\/www.exterminio.pt\/en\/tips\/","url":"https:\/\/www.exterminio.pt\/en\/tips\/","name":"Tips - Grupo Exterm\u00ednio - Controlo de Pragas na Regi\u00e3o Aut\u00f3noma da Madeira","isPartOf":{"@id":"https:\/\/www.exterminio.pt\/en\/#website"},"datePublished":"2022-04-11T12:27:52+00:00","dateModified":"2023-02-22T18:32:29+00:00","breadcrumb":{"@id":"https:\/\/www.exterminio.pt\/en\/tips\/#breadcrumb"},"inLanguage":"en-US","potentialAction":[{"@type":"ReadAction","target":["https:\/\/www.exterminio.pt\/en\/tips\/"]}]},{"@type":"BreadcrumbList","@id":"https:\/\/www.exterminio.pt\/en\/tips\/#breadcrumb","itemListElement":[{"@type":"ListItem","position":1,"name":"In\u00edcio","item":"https:\/\/www.exterminio.pt\/en\/"},{"@type":"ListItem","position":2,"name":"Tips"}]},{"@type":"WebSite","@id":"https:\/\/www.exterminio.pt\/en\/#website","url":"https:\/\/www.exterminio.pt\/en\/","name":"Grupo Exterm\u00ednio - Controlo de Pragas na Madeira e Porto Santo","description":"Grupo Exterm\u00ednio - Empresa l\u00edder no controlo de pragas na Madeira e Porto Santo.","publisher":{"@id":"https:\/\/www.exterminio.pt\/en\/#organization"},"potentialAction":[{"@type":"SearchAction","target":{"@type":"EntryPoint","urlTemplate":"https:\/\/www.exterminio.pt\/en\/?s={search_term_string}"},"query-input":{"@type":"PropertyValueSpecification","valueRequired":true,"valueName":"search_term_string"}}],"inLanguage":"en-US"},{"@type":"Organization","@id":"https:\/\/www.exterminio.pt\/en\/#organization","name":"Grupo Exterm\u00ednio - Controlo de Pragas na Madeira e Porto Santo","url":"https:\/\/www.exterminio.pt\/en\/","logo":{"@type":"ImageObject","inLanguage":"en-US","@id":"https:\/\/www.exterminio.pt\/en\/#\/schema\/logo\/image\/","url":"https:\/\/www.exterminio.pt\/wp-content\/uploads\/2023\/01\/grupoexterminio-logo-01-1.svg","contentUrl":"https:\/\/www.exterminio.pt\/wp-content\/uploads\/2023\/01\/grupoexterminio-logo-01-1.svg","caption":"Grupo Exterm\u00ednio - Controlo de Pragas na Madeira e Porto Santo"},"image":{"@id":"https:\/\/www.exterminio.pt\/en\/#\/schema\/logo\/image\/"},"sameAs":["https:\/\/www.facebook.com\/exterminio.pt\/"]}]}},"_links":{"self":[{"href":"https:\/\/www.exterminio.pt\/en\/wp-json\/wp\/v2\/pages\/484","targetHints":{"allow":["GET"]}}],"collection":[{"href":"https:\/\/www.exterminio.pt\/en\/wp-json\/wp\/v2\/pages"}],"about":[{"href":"https:\/\/www.exterminio.pt\/en\/wp-json\/wp\/v2\/types\/page"}],"author":[{"embeddable":true,"href":"https:\/\/www.exterminio.pt\/en\/wp-json\/wp\/v2\/users\/1"}],"replies":[{"embeddable":true,"href":"https:\/\/www.exterminio.pt\/en\/wp-json\/wp\/v2\/comments?post=484"}],"version-history":[{"count":1,"href":"https:\/\/www.exterminio.pt\/en\/wp-json\/wp\/v2\/pages\/484\/revisions"}],"predecessor-version":[{"id":490,"href":"https:\/\/www.exterminio.pt\/en\/wp-json\/wp\/v2\/pages\/484\/revisions\/490"}],"wp:attachment":[{"href":"https:\/\/www.exterminio.pt\/en\/wp-json\/wp\/v2\/media?parent=484"}],"curies":[{"name":"wp","href":"https:\/\/api.w.org\/{rel}","templated":true}]}}