{"id":488,"date":"2023-01-23T15:04:44","date_gmt":"2023-01-23T15:04:44","guid":{"rendered":"https:\/\/www.exterminio.pt\/pest-control\/"},"modified":"2024-07-19T13:42:24","modified_gmt":"2024-07-19T13:42:24","slug":"pest-control","status":"publish","type":"page","link":"https:\/\/www.exterminio.pt\/en\/pest-control\/","title":{"rendered":"Pest Control"},"content":{"rendered":"","protected":false},"excerpt":{"rendered":"","protected":false},"author":1,"featured_media":0,"parent":0,"menu_order":0,"comment_status":"open","ping_status":"closed","template":"","meta":{"footnotes":""},"class_list":["post-488","page","type-page","status-publish","hentry"],"yoast_head":"<!-- This site is optimized with the Yoast SEO plugin v27.2 - https:\/\/yoast.com\/product\/yoast-seo-wordpress\/ -->\n<title>Pest Control - Grupo Exterm\u00ednio - Controlo de Pragas na Regi\u00e3o Aut\u00f3noma da Madeira<\/title>\n<meta name=\"robots\" content=\"index, follow, max-snippet:-1, max-image-preview:large, max-video-preview:-1\" \/>\n<link rel=\"canonical\" href=\"https:\/\/www.exterminio.pt\/en\/pest-control\/\" \/>\n<meta property=\"og:locale\" content=\"en_US\" \/>\n<meta property=\"og:type\" content=\"article\" \/>\n<meta property=\"og:title\" content=\"Pest Control - Grupo Exterm\u00ednio - Controlo de Pragas na Regi\u00e3o Aut\u00f3noma da Madeira\" \/>\n<meta property=\"og:url\" content=\"https:\/\/www.exterminio.pt\/en\/pest-control\/\" \/>\n<meta property=\"og:site_name\" content=\"Grupo Exterm\u00ednio - Controlo de Pragas na Regi\u00e3o Aut\u00f3noma da Madeira\" \/>\n<meta property=\"article:publisher\" content=\"https:\/\/www.facebook.com\/exterminio.pt\/\" \/>\n<meta property=\"article:modified_time\" content=\"2024-07-19T13:42:24+00:00\" \/>\n<meta property=\"og:image\" content=\"https:\/\/www.exterminio.pt\/wp-content\/uploads\/2022\/04\/slider-2.webp\" \/>\n\t<meta property=\"og:image:width\" content=\"1200\" \/>\n\t<meta property=\"og:image:height\" content=\"742\" \/>\n\t<meta property=\"og:image:type\" content=\"image\/webp\" \/>\n<meta name=\"twitter:card\" content=\"summary_large_image\" \/>\n<script type=\"application\/ld+json\" class=\"yoast-schema-graph\">{\"@context\":\"https:\/\/schema.org\",\"@graph\":[{\"@type\":\"WebPage\",\"@id\":\"https:\/\/www.exterminio.pt\/en\/pest-control\/\",\"url\":\"https:\/\/www.exterminio.pt\/en\/pest-control\/\",\"name\":\"Pest Control - Grupo Exterm\u00ednio - Controlo de Pragas na Regi\u00e3o Aut\u00f3noma da Madeira\",\"isPartOf\":{\"@id\":\"https:\/\/www.exterminio.pt\/en\/#website\"},\"datePublished\":\"2023-01-23T15:04:44+00:00\",\"dateModified\":\"2024-07-19T13:42:24+00:00\",\"breadcrumb\":{\"@id\":\"https:\/\/www.exterminio.pt\/en\/pest-control\/#breadcrumb\"},\"inLanguage\":\"en-US\",\"potentialAction\":[{\"@type\":\"ReadAction\",\"target\":[\"https:\/\/www.exterminio.pt\/en\/pest-control\/\"]}]},{\"@type\":\"BreadcrumbList\",\"@id\":\"https:\/\/www.exterminio.pt\/en\/pest-control\/#breadcrumb\",\"itemListElement\":[{\"@type\":\"ListItem\",\"position\":1,\"name\":\"In\u00edcio\",\"item\":\"https:\/\/www.exterminio.pt\/en\/\"},{\"@type\":\"ListItem\",\"position\":2,\"name\":\"Pest Control\"}]},{\"@type\":\"WebSite\",\"@id\":\"https:\/\/www.exterminio.pt\/en\/#website\",\"url\":\"https:\/\/www.exterminio.pt\/en\/\",\"name\":\"Grupo Exterm\u00ednio - Controlo de Pragas na Madeira e Porto Santo\",\"description\":\"Grupo Exterm\u00ednio - Empresa l\u00edder no controlo de pragas na Madeira e Porto Santo.\",\"publisher\":{\"@id\":\"https:\/\/www.exterminio.pt\/en\/#organization\"},\"potentialAction\":[{\"@type\":\"SearchAction\",\"target\":{\"@type\":\"EntryPoint\",\"urlTemplate\":\"https:\/\/www.exterminio.pt\/en\/?s={search_term_string}\"},\"query-input\":{\"@type\":\"PropertyValueSpecification\",\"valueRequired\":true,\"valueName\":\"search_term_string\"}}],\"inLanguage\":\"en-US\"},{\"@type\":\"Organization\",\"@id\":\"https:\/\/www.exterminio.pt\/en\/#organization\",\"name\":\"Grupo Exterm\u00ednio - Controlo de Pragas na Madeira e Porto Santo\",\"url\":\"https:\/\/www.exterminio.pt\/en\/\",\"logo\":{\"@type\":\"ImageObject\",\"inLanguage\":\"en-US\",\"@id\":\"https:\/\/www.exterminio.pt\/en\/#\/schema\/logo\/image\/\",\"url\":\"https:\/\/www.exterminio.pt\/wp-content\/uploads\/2023\/01\/grupoexterminio-logo-01-1.svg\",\"contentUrl\":\"https:\/\/www.exterminio.pt\/wp-content\/uploads\/2023\/01\/grupoexterminio-logo-01-1.svg\",\"caption\":\"Grupo Exterm\u00ednio - Controlo de Pragas na Madeira e Porto Santo\"},\"image\":{\"@id\":\"https:\/\/www.exterminio.pt\/en\/#\/schema\/logo\/image\/\"},\"sameAs\":[\"https:\/\/www.facebook.com\/exterminio.pt\/\"]}]}<\/script>\n<!-- \/ Yoast SEO plugin. -->","yoast_head_json":{"title":"Pest Control - Grupo Exterm\u00ednio - Controlo de Pragas na Regi\u00e3o Aut\u00f3noma da Madeira","robots":{"index":"index","follow":"follow","max-snippet":"max-snippet:-1","max-image-preview":"max-image-preview:large","max-video-preview":"max-video-preview:-1"},"canonical":"https:\/\/www.exterminio.pt\/en\/pest-control\/","og_locale":"en_US","og_type":"article","og_title":"Pest Control - Grupo Exterm\u00ednio - Controlo de Pragas na Regi\u00e3o Aut\u00f3noma da Madeira","og_url":"https:\/\/www.exterminio.pt\/en\/pest-control\/","og_site_name":"Grupo Exterm\u00ednio - Controlo de Pragas na Regi\u00e3o Aut\u00f3noma da Madeira","article_publisher":"https:\/\/www.facebook.com\/exterminio.pt\/","article_modified_time":"2024-07-19T13:42:24+00:00","og_image":[{"width":1200,"height":742,"url":"https:\/\/www.exterminio.pt\/wp-content\/uploads\/2022\/04\/slider-2.webp","type":"image\/webp"}],"twitter_card":"summary_large_image","schema":{"@context":"https:\/\/schema.org","@graph":[{"@type":"WebPage","@id":"https:\/\/www.exterminio.pt\/en\/pest-control\/","url":"https:\/\/www.exterminio.pt\/en\/pest-control\/","name":"Pest Control - Grupo Exterm\u00ednio - Controlo de Pragas na Regi\u00e3o Aut\u00f3noma da Madeira","isPartOf":{"@id":"https:\/\/www.exterminio.pt\/en\/#website"},"datePublished":"2023-01-23T15:04:44+00:00","dateModified":"2024-07-19T13:42:24+00:00","breadcrumb":{"@id":"https:\/\/www.exterminio.pt\/en\/pest-control\/#breadcrumb"},"inLanguage":"en-US","potentialAction":[{"@type":"ReadAction","target":["https:\/\/www.exterminio.pt\/en\/pest-control\/"]}]},{"@type":"BreadcrumbList","@id":"https:\/\/www.exterminio.pt\/en\/pest-control\/#breadcrumb","itemListElement":[{"@type":"ListItem","position":1,"name":"In\u00edcio","item":"https:\/\/www.exterminio.pt\/en\/"},{"@type":"ListItem","position":2,"name":"Pest Control"}]},{"@type":"WebSite","@id":"https:\/\/www.exterminio.pt\/en\/#website","url":"https:\/\/www.exterminio.pt\/en\/","name":"Grupo Exterm\u00ednio - Controlo de Pragas na Madeira e Porto Santo","description":"Grupo Exterm\u00ednio - Empresa l\u00edder no controlo de pragas na Madeira e Porto Santo.","publisher":{"@id":"https:\/\/www.exterminio.pt\/en\/#organization"},"potentialAction":[{"@type":"SearchAction","target":{"@type":"EntryPoint","urlTemplate":"https:\/\/www.exterminio.pt\/en\/?s={search_term_string}"},"query-input":{"@type":"PropertyValueSpecification","valueRequired":true,"valueName":"search_term_string"}}],"inLanguage":"en-US"},{"@type":"Organization","@id":"https:\/\/www.exterminio.pt\/en\/#organization","name":"Grupo Exterm\u00ednio - Controlo de Pragas na Madeira e Porto Santo","url":"https:\/\/www.exterminio.pt\/en\/","logo":{"@type":"ImageObject","inLanguage":"en-US","@id":"https:\/\/www.exterminio.pt\/en\/#\/schema\/logo\/image\/","url":"https:\/\/www.exterminio.pt\/wp-content\/uploads\/2023\/01\/grupoexterminio-logo-01-1.svg","contentUrl":"https:\/\/www.exterminio.pt\/wp-content\/uploads\/2023\/01\/grupoexterminio-logo-01-1.svg","caption":"Grupo Exterm\u00ednio - Controlo de Pragas na Madeira e Porto Santo"},"image":{"@id":"https:\/\/www.exterminio.pt\/en\/#\/schema\/logo\/image\/"},"sameAs":["https:\/\/www.facebook.com\/exterminio.pt\/"]}]}},"_links":{"self":[{"href":"https:\/\/www.exterminio.pt\/en\/wp-json\/wp\/v2\/pages\/488","targetHints":{"allow":["GET"]}}],"collection":[{"href":"https:\/\/www.exterminio.pt\/en\/wp-json\/wp\/v2\/pages"}],"about":[{"href":"https:\/\/www.exterminio.pt\/en\/wp-json\/wp\/v2\/types\/page"}],"author":[{"embeddable":true,"href":"https:\/\/www.exterminio.pt\/en\/wp-json\/wp\/v2\/users\/1"}],"replies":[{"embeddable":true,"href":"https:\/\/www.exterminio.pt\/en\/wp-json\/wp\/v2\/comments?post=488"}],"version-history":[{"count":1,"href":"https:\/\/www.exterminio.pt\/en\/wp-json\/wp\/v2\/pages\/488\/revisions"}],"predecessor-version":[{"id":973,"href":"https:\/\/www.exterminio.pt\/en\/wp-json\/wp\/v2\/pages\/488\/revisions\/973"}],"wp:attachment":[{"href":"https:\/\/www.exterminio.pt\/en\/wp-json\/wp\/v2\/media?parent=488"}],"curies":[{"name":"wp","href":"https:\/\/api.w.org\/{rel}","templated":true}]}}